{"id":1038,"date":"2026-04-13T12:03:21","date_gmt":"2026-04-13T10:03:21","guid":{"rendered":"https:\/\/efigo.pl\/?page_id=1038"},"modified":"2026-04-13T12:07:30","modified_gmt":"2026-04-13T10:07:30","slug":"ai-300-osai","status":"publish","type":"page","link":"https:\/\/efigo.pl\/en\/ai-300-osai\/","title":{"rendered":"AI-300 OSAI+"},"content":{"rendered":"","protected":false},"excerpt":{"rendered":"","protected":false},"author":4,"featured_media":0,"parent":0,"menu_order":0,"comment_status":"closed","ping_status":"closed","template":"","meta":{"inline_featured_image":false,"footnotes":""},"class_list":["post-1038","page","type-page","status-publish","hentry"],"yoast_head":"<!-- This site is optimized with the Yoast SEO plugin v27.3 - https:\/\/yoast.com\/product\/yoast-seo-wordpress\/ -->\n<title>AI-300 OSAI+ - EFIGO - Cyberbezpiecze\u0144stwo i ochrona danych<\/title>\n<meta name=\"description\" content=\"Przygotuj si\u0119 na nieuniknione. AI ju\u017c tu jest, uporz\u0105dkuj swoje umiej\u0119tno\u015bci testowania i sprawd\u017a czego u\u017cywaj\u0105 atakuj\u0105cy!\" \/>\n<meta name=\"robots\" content=\"index, follow, max-snippet:-1, max-image-preview:large, max-video-preview:-1\" \/>\n<link rel=\"canonical\" href=\"https:\/\/efigo.pl\/en\/ai-300-osai\/\" \/>\n<meta property=\"og:locale\" content=\"en_GB\" \/>\n<meta property=\"og:type\" content=\"article\" \/>\n<meta property=\"og:title\" content=\"AI-300 OSAI+ - EFIGO - Cyberbezpiecze\u0144stwo i ochrona danych\" \/>\n<meta property=\"og:description\" content=\"Przygotuj si\u0119 na nieuniknione. AI ju\u017c tu jest, uporz\u0105dkuj swoje umiej\u0119tno\u015bci testowania i sprawd\u017a czego u\u017cywaj\u0105 atakuj\u0105cy!\" \/>\n<meta property=\"og:url\" content=\"https:\/\/efigo.pl\/en\/ai-300-osai\/\" \/>\n<meta property=\"og:site_name\" content=\"EFIGO - Cyberbezpiecze\u0144stwo i ochrona danych\" \/>\n<meta property=\"article:modified_time\" content=\"2026-04-13T10:07:30+00:00\" \/>\n<meta name=\"twitter:card\" content=\"summary_large_image\" \/>\n<meta name=\"twitter:label1\" content=\"Estimated reading time\" \/>\n\t<meta name=\"twitter:data1\" content=\"7 minutes\" \/>\n<script type=\"application\/ld+json\" class=\"yoast-schema-graph\">{\"@context\":\"https:\\\/\\\/schema.org\",\"@graph\":[{\"@type\":\"WebPage\",\"@id\":\"https:\\\/\\\/efigo.pl\\\/ai-300-osai\\\/\",\"url\":\"https:\\\/\\\/efigo.pl\\\/ai-300-osai\\\/\",\"name\":\"AI-300 OSAI+ - EFIGO - Cyberbezpiecze\u0144stwo i ochrona danych\",\"isPartOf\":{\"@id\":\"https:\\\/\\\/efigo.pl\\\/#website\"},\"datePublished\":\"2026-04-13T10:03:21+00:00\",\"dateModified\":\"2026-04-13T10:07:30+00:00\",\"description\":\"Przygotuj si\u0119 na nieuniknione. AI ju\u017c tu jest, uporz\u0105dkuj swoje umiej\u0119tno\u015bci testowania i sprawd\u017a czego u\u017cywaj\u0105 atakuj\u0105cy!\",\"breadcrumb\":{\"@id\":\"https:\\\/\\\/efigo.pl\\\/ai-300-osai\\\/#breadcrumb\"},\"inLanguage\":\"en-GB\",\"potentialAction\":[{\"@type\":\"ReadAction\",\"target\":[\"https:\\\/\\\/efigo.pl\\\/ai-300-osai\\\/\"]}]},{\"@type\":\"BreadcrumbList\",\"@id\":\"https:\\\/\\\/efigo.pl\\\/ai-300-osai\\\/#breadcrumb\",\"itemListElement\":[{\"@type\":\"ListItem\",\"position\":1,\"name\":\"Strona g\u0142\u00f3wna\",\"item\":\"https:\\\/\\\/efigo.pl\\\/\"},{\"@type\":\"ListItem\",\"position\":2,\"name\":\"AI-300 OSAI+\"}]},{\"@type\":\"WebSite\",\"@id\":\"https:\\\/\\\/efigo.pl\\\/#website\",\"url\":\"https:\\\/\\\/efigo.pl\\\/\",\"name\":\"Efigo - Cyberbezpiecze\u0144stwo i ochrona danych\",\"description\":\"\",\"potentialAction\":[{\"@type\":\"SearchAction\",\"target\":{\"@type\":\"EntryPoint\",\"urlTemplate\":\"https:\\\/\\\/efigo.pl\\\/?s={search_term_string}\"},\"query-input\":{\"@type\":\"PropertyValueSpecification\",\"valueRequired\":true,\"valueName\":\"search_term_string\"}}],\"inLanguage\":\"en-GB\"}]}<\/script>\n<!-- \/ Yoast SEO plugin. -->","yoast_head_json":{"title":"AI-300 OSAI+ - EFIGO - Cyberbezpiecze\u0144stwo i ochrona danych","description":"Przygotuj si\u0119 na nieuniknione. AI ju\u017c tu jest, uporz\u0105dkuj swoje umiej\u0119tno\u015bci testowania i sprawd\u017a czego u\u017cywaj\u0105 atakuj\u0105cy!","robots":{"index":"index","follow":"follow","max-snippet":"max-snippet:-1","max-image-preview":"max-image-preview:large","max-video-preview":"max-video-preview:-1"},"canonical":"https:\/\/efigo.pl\/en\/ai-300-osai\/","og_locale":"en_GB","og_type":"article","og_title":"AI-300 OSAI+ - EFIGO - Cyberbezpiecze\u0144stwo i ochrona danych","og_description":"Przygotuj si\u0119 na nieuniknione. AI ju\u017c tu jest, uporz\u0105dkuj swoje umiej\u0119tno\u015bci testowania i sprawd\u017a czego u\u017cywaj\u0105 atakuj\u0105cy!","og_url":"https:\/\/efigo.pl\/en\/ai-300-osai\/","og_site_name":"EFIGO - Cyberbezpiecze\u0144stwo i ochrona danych","article_modified_time":"2026-04-13T10:07:30+00:00","twitter_card":"summary_large_image","twitter_misc":{"Estimated reading time":"7 minutes"},"schema":{"@context":"https:\/\/schema.org","@graph":[{"@type":"WebPage","@id":"https:\/\/efigo.pl\/ai-300-osai\/","url":"https:\/\/efigo.pl\/ai-300-osai\/","name":"AI-300 OSAI+ - EFIGO - Cyberbezpiecze\u0144stwo i ochrona danych","isPartOf":{"@id":"https:\/\/efigo.pl\/#website"},"datePublished":"2026-04-13T10:03:21+00:00","dateModified":"2026-04-13T10:07:30+00:00","description":"Przygotuj si\u0119 na nieuniknione. AI ju\u017c tu jest, uporz\u0105dkuj swoje umiej\u0119tno\u015bci testowania i sprawd\u017a czego u\u017cywaj\u0105 atakuj\u0105cy!","breadcrumb":{"@id":"https:\/\/efigo.pl\/ai-300-osai\/#breadcrumb"},"inLanguage":"en-GB","potentialAction":[{"@type":"ReadAction","target":["https:\/\/efigo.pl\/ai-300-osai\/"]}]},{"@type":"BreadcrumbList","@id":"https:\/\/efigo.pl\/ai-300-osai\/#breadcrumb","itemListElement":[{"@type":"ListItem","position":1,"name":"Strona g\u0142\u00f3wna","item":"https:\/\/efigo.pl\/"},{"@type":"ListItem","position":2,"name":"AI-300 OSAI+"}]},{"@type":"WebSite","@id":"https:\/\/efigo.pl\/#website","url":"https:\/\/efigo.pl\/","name":"Efigo - Cyberbezpiecze\u0144stwo i ochrona danych","description":"","potentialAction":[{"@type":"SearchAction","target":{"@type":"EntryPoint","urlTemplate":"https:\/\/efigo.pl\/?s={search_term_string}"},"query-input":{"@type":"PropertyValueSpecification","valueRequired":true,"valueName":"search_term_string"}}],"inLanguage":"en-GB"}]}},"_links":{"self":[{"href":"https:\/\/efigo.pl\/en\/wp-json\/wp\/v2\/pages\/1038","targetHints":{"allow":["GET"]}}],"collection":[{"href":"https:\/\/efigo.pl\/en\/wp-json\/wp\/v2\/pages"}],"about":[{"href":"https:\/\/efigo.pl\/en\/wp-json\/wp\/v2\/types\/page"}],"author":[{"embeddable":true,"href":"https:\/\/efigo.pl\/en\/wp-json\/wp\/v2\/users\/4"}],"replies":[{"embeddable":true,"href":"https:\/\/efigo.pl\/en\/wp-json\/wp\/v2\/comments?post=1038"}],"version-history":[{"count":1,"href":"https:\/\/efigo.pl\/en\/wp-json\/wp\/v2\/pages\/1038\/revisions"}],"predecessor-version":[{"id":1039,"href":"https:\/\/efigo.pl\/en\/wp-json\/wp\/v2\/pages\/1038\/revisions\/1039"}],"wp:attachment":[{"href":"https:\/\/efigo.pl\/en\/wp-json\/wp\/v2\/media?parent=1038"}],"curies":[{"name":"wp","href":"https:\/\/api.w.org\/{rel}","templated":true}]}}