{"id":184,"date":"2024-05-31T20:20:23","date_gmt":"2024-05-31T18:20:23","guid":{"rendered":"http:\/\/efigo.pl\/?page_id=184"},"modified":"2024-10-30T11:06:26","modified_gmt":"2024-10-30T10:06:26","slug":"exp-401-osee","status":"publish","type":"page","link":"https:\/\/efigo.pl\/en\/exp-401-osee\/","title":{"rendered":"EXP-401 (OSEE)"},"content":{"rendered":"","protected":false},"excerpt":{"rendered":"","protected":false},"author":4,"featured_media":0,"parent":0,"menu_order":0,"comment_status":"closed","ping_status":"closed","template":"","meta":{"inline_featured_image":false,"footnotes":""},"class_list":["post-184","page","type-page","status-publish","hentry"],"yoast_head":"<!-- This site is optimized with the Yoast SEO plugin v27.3 - https:\/\/yoast.com\/product\/yoast-seo-wordpress\/ -->\n<title>EXP-401 (OSEE) - EFIGO - Cyberbezpiecze\u0144stwo i ochrona danych<\/title>\n<meta name=\"description\" content=\"W kursie OffSec EXP-401 podejmiesz wyzwania w zakresie opracowywania kreatywnych rozwi\u0105za\u0144, kt\u00f3re sprawdzaj\u0105 si\u0119 w dzisiejszym coraz trudniejszym \u015brodowisku exploatacji.\" \/>\n<meta name=\"robots\" content=\"index, follow, max-snippet:-1, max-image-preview:large, max-video-preview:-1\" \/>\n<link rel=\"canonical\" href=\"https:\/\/efigo.pl\/en\/exp-401-osee\/\" \/>\n<meta property=\"og:locale\" content=\"en_GB\" \/>\n<meta property=\"og:type\" content=\"article\" \/>\n<meta property=\"og:title\" content=\"EXP-401 (OSEE) - EFIGO - Cyberbezpiecze\u0144stwo i ochrona danych\" \/>\n<meta property=\"og:description\" content=\"W kursie OffSec EXP-401 podejmiesz wyzwania w zakresie opracowywania kreatywnych rozwi\u0105za\u0144, kt\u00f3re sprawdzaj\u0105 si\u0119 w dzisiejszym coraz trudniejszym \u015brodowisku exploatacji.\" \/>\n<meta property=\"og:url\" content=\"https:\/\/efigo.pl\/en\/exp-401-osee\/\" \/>\n<meta property=\"og:site_name\" content=\"EFIGO - Cyberbezpiecze\u0144stwo i ochrona danych\" \/>\n<meta property=\"article:modified_time\" content=\"2024-10-30T10:06:26+00:00\" \/>\n<meta name=\"twitter:card\" content=\"summary_large_image\" \/>\n<meta name=\"twitter:label1\" content=\"Estimated reading time\" \/>\n\t<meta name=\"twitter:data1\" content=\"5 minutes\" \/>\n<script type=\"application\/ld+json\" class=\"yoast-schema-graph\">{\"@context\":\"https:\\\/\\\/schema.org\",\"@graph\":[{\"@type\":\"WebPage\",\"@id\":\"https:\\\/\\\/efigo.pl\\\/exp-401-osee\\\/\",\"url\":\"https:\\\/\\\/efigo.pl\\\/exp-401-osee\\\/\",\"name\":\"EXP-401 (OSEE) - EFIGO - Cyberbezpiecze\u0144stwo i ochrona danych\",\"isPartOf\":{\"@id\":\"https:\\\/\\\/efigo.pl\\\/#website\"},\"datePublished\":\"2024-05-31T18:20:23+00:00\",\"dateModified\":\"2024-10-30T10:06:26+00:00\",\"description\":\"W kursie OffSec EXP-401 podejmiesz wyzwania w zakresie opracowywania kreatywnych rozwi\u0105za\u0144, kt\u00f3re sprawdzaj\u0105 si\u0119 w dzisiejszym coraz trudniejszym \u015brodowisku exploatacji.\",\"breadcrumb\":{\"@id\":\"https:\\\/\\\/efigo.pl\\\/exp-401-osee\\\/#breadcrumb\"},\"inLanguage\":\"en-GB\",\"potentialAction\":[{\"@type\":\"ReadAction\",\"target\":[\"https:\\\/\\\/efigo.pl\\\/exp-401-osee\\\/\"]}]},{\"@type\":\"BreadcrumbList\",\"@id\":\"https:\\\/\\\/efigo.pl\\\/exp-401-osee\\\/#breadcrumb\",\"itemListElement\":[{\"@type\":\"ListItem\",\"position\":1,\"name\":\"Strona g\u0142\u00f3wna\",\"item\":\"https:\\\/\\\/efigo.pl\\\/\"},{\"@type\":\"ListItem\",\"position\":2,\"name\":\"EXP-401 (OSEE)\"}]},{\"@type\":\"WebSite\",\"@id\":\"https:\\\/\\\/efigo.pl\\\/#website\",\"url\":\"https:\\\/\\\/efigo.pl\\\/\",\"name\":\"Efigo - Cyberbezpiecze\u0144stwo i ochrona danych\",\"description\":\"\",\"potentialAction\":[{\"@type\":\"SearchAction\",\"target\":{\"@type\":\"EntryPoint\",\"urlTemplate\":\"https:\\\/\\\/efigo.pl\\\/?s={search_term_string}\"},\"query-input\":{\"@type\":\"PropertyValueSpecification\",\"valueRequired\":true,\"valueName\":\"search_term_string\"}}],\"inLanguage\":\"en-GB\"}]}<\/script>\n<!-- \/ Yoast SEO plugin. -->","yoast_head_json":{"title":"EXP-401 (OSEE) - EFIGO - Cyberbezpiecze\u0144stwo i ochrona danych","description":"W kursie OffSec EXP-401 podejmiesz wyzwania w zakresie opracowywania kreatywnych rozwi\u0105za\u0144, kt\u00f3re sprawdzaj\u0105 si\u0119 w dzisiejszym coraz trudniejszym \u015brodowisku exploatacji.","robots":{"index":"index","follow":"follow","max-snippet":"max-snippet:-1","max-image-preview":"max-image-preview:large","max-video-preview":"max-video-preview:-1"},"canonical":"https:\/\/efigo.pl\/en\/exp-401-osee\/","og_locale":"en_GB","og_type":"article","og_title":"EXP-401 (OSEE) - EFIGO - Cyberbezpiecze\u0144stwo i ochrona danych","og_description":"W kursie OffSec EXP-401 podejmiesz wyzwania w zakresie opracowywania kreatywnych rozwi\u0105za\u0144, kt\u00f3re sprawdzaj\u0105 si\u0119 w dzisiejszym coraz trudniejszym \u015brodowisku exploatacji.","og_url":"https:\/\/efigo.pl\/en\/exp-401-osee\/","og_site_name":"EFIGO - Cyberbezpiecze\u0144stwo i ochrona danych","article_modified_time":"2024-10-30T10:06:26+00:00","twitter_card":"summary_large_image","twitter_misc":{"Estimated reading time":"5 minutes"},"schema":{"@context":"https:\/\/schema.org","@graph":[{"@type":"WebPage","@id":"https:\/\/efigo.pl\/exp-401-osee\/","url":"https:\/\/efigo.pl\/exp-401-osee\/","name":"EXP-401 (OSEE) - EFIGO - Cyberbezpiecze\u0144stwo i ochrona danych","isPartOf":{"@id":"https:\/\/efigo.pl\/#website"},"datePublished":"2024-05-31T18:20:23+00:00","dateModified":"2024-10-30T10:06:26+00:00","description":"W kursie OffSec EXP-401 podejmiesz wyzwania w zakresie opracowywania kreatywnych rozwi\u0105za\u0144, kt\u00f3re sprawdzaj\u0105 si\u0119 w dzisiejszym coraz trudniejszym \u015brodowisku exploatacji.","breadcrumb":{"@id":"https:\/\/efigo.pl\/exp-401-osee\/#breadcrumb"},"inLanguage":"en-GB","potentialAction":[{"@type":"ReadAction","target":["https:\/\/efigo.pl\/exp-401-osee\/"]}]},{"@type":"BreadcrumbList","@id":"https:\/\/efigo.pl\/exp-401-osee\/#breadcrumb","itemListElement":[{"@type":"ListItem","position":1,"name":"Strona g\u0142\u00f3wna","item":"https:\/\/efigo.pl\/"},{"@type":"ListItem","position":2,"name":"EXP-401 (OSEE)"}]},{"@type":"WebSite","@id":"https:\/\/efigo.pl\/#website","url":"https:\/\/efigo.pl\/","name":"Efigo - Cyberbezpiecze\u0144stwo i ochrona danych","description":"","potentialAction":[{"@type":"SearchAction","target":{"@type":"EntryPoint","urlTemplate":"https:\/\/efigo.pl\/?s={search_term_string}"},"query-input":{"@type":"PropertyValueSpecification","valueRequired":true,"valueName":"search_term_string"}}],"inLanguage":"en-GB"}]}},"_links":{"self":[{"href":"https:\/\/efigo.pl\/en\/wp-json\/wp\/v2\/pages\/184","targetHints":{"allow":["GET"]}}],"collection":[{"href":"https:\/\/efigo.pl\/en\/wp-json\/wp\/v2\/pages"}],"about":[{"href":"https:\/\/efigo.pl\/en\/wp-json\/wp\/v2\/types\/page"}],"author":[{"embeddable":true,"href":"https:\/\/efigo.pl\/en\/wp-json\/wp\/v2\/users\/4"}],"replies":[{"embeddable":true,"href":"https:\/\/efigo.pl\/en\/wp-json\/wp\/v2\/comments?post=184"}],"version-history":[{"count":2,"href":"https:\/\/efigo.pl\/en\/wp-json\/wp\/v2\/pages\/184\/revisions"}],"predecessor-version":[{"id":698,"href":"https:\/\/efigo.pl\/en\/wp-json\/wp\/v2\/pages\/184\/revisions\/698"}],"wp:attachment":[{"href":"https:\/\/efigo.pl\/en\/wp-json\/wp\/v2\/media?parent=184"}],"curies":[{"name":"wp","href":"https:\/\/api.w.org\/{rel}","templated":true}]}}