{"id":199,"date":"2024-06-01T11:26:12","date_gmt":"2024-06-01T09:26:12","guid":{"rendered":"http:\/\/efigo.pl\/?page_id=199"},"modified":"2024-10-21T09:41:54","modified_gmt":"2024-10-21T07:41:54","slug":"inspektor-ochrony-danych","status":"publish","type":"page","link":"https:\/\/efigo.pl\/en\/inspektor-ochrony-danych\/","title":{"rendered":"Data Protection Officer"},"content":{"rendered":"","protected":false},"excerpt":{"rendered":"","protected":false},"author":4,"featured_media":0,"parent":0,"menu_order":0,"comment_status":"closed","ping_status":"closed","template":"","meta":{"inline_featured_image":false,"footnotes":""},"class_list":["post-199","page","type-page","status-publish","hentry"],"yoast_head":"<!-- This site is optimized with the Yoast SEO plugin v27.3 - https:\/\/yoast.com\/product\/yoast-seo-wordpress\/ -->\n<title>Inspektor Ochrony Danych - EFIGO - Cyberbezpiecze\u0144stwo i ochrona danych<\/title>\n<meta name=\"description\" content=\"Outsourcuj funkcj\u0119 Inspektora Ochrony Danych! Nasi specjali\u015bci pomog\u0105 Ci spe\u0142ni\u0107 wymogi RODO\/GDPR od strony technicznej i prawnej.\" \/>\n<meta name=\"robots\" content=\"index, follow, max-snippet:-1, max-image-preview:large, max-video-preview:-1\" \/>\n<link rel=\"canonical\" href=\"https:\/\/efigo.pl\/en\/inspektor-ochrony-danych\/\" \/>\n<meta property=\"og:locale\" content=\"en_GB\" \/>\n<meta property=\"og:type\" content=\"article\" \/>\n<meta property=\"og:title\" content=\"Inspektor Ochrony Danych - EFIGO - Cyberbezpiecze\u0144stwo i ochrona danych\" \/>\n<meta property=\"og:description\" content=\"Outsourcuj funkcj\u0119 Inspektora Ochrony Danych! Nasi specjali\u015bci pomog\u0105 Ci spe\u0142ni\u0107 wymogi RODO\/GDPR od strony technicznej i prawnej.\" \/>\n<meta property=\"og:url\" content=\"https:\/\/efigo.pl\/en\/inspektor-ochrony-danych\/\" \/>\n<meta property=\"og:site_name\" content=\"EFIGO - Cyberbezpiecze\u0144stwo i ochrona danych\" \/>\n<meta property=\"article:modified_time\" content=\"2024-10-21T07:41:54+00:00\" \/>\n<meta name=\"twitter:card\" content=\"summary_large_image\" \/>\n<meta name=\"twitter:label1\" content=\"Estimated reading time\" \/>\n\t<meta name=\"twitter:data1\" content=\"4 minutes\" \/>\n<script type=\"application\/ld+json\" class=\"yoast-schema-graph\">{\"@context\":\"https:\\\/\\\/schema.org\",\"@graph\":[{\"@type\":\"WebPage\",\"@id\":\"https:\\\/\\\/efigo.pl\\\/inspektor-ochrony-danych\\\/\",\"url\":\"https:\\\/\\\/efigo.pl\\\/inspektor-ochrony-danych\\\/\",\"name\":\"Inspektor Ochrony Danych - EFIGO - Cyberbezpiecze\u0144stwo i ochrona danych\",\"isPartOf\":{\"@id\":\"https:\\\/\\\/efigo.pl\\\/#website\"},\"datePublished\":\"2024-06-01T09:26:12+00:00\",\"dateModified\":\"2024-10-21T07:41:54+00:00\",\"description\":\"Outsourcuj funkcj\u0119 Inspektora Ochrony Danych! Nasi specjali\u015bci pomog\u0105 Ci spe\u0142ni\u0107 wymogi RODO\\\/GDPR od strony technicznej i prawnej.\",\"breadcrumb\":{\"@id\":\"https:\\\/\\\/efigo.pl\\\/inspektor-ochrony-danych\\\/#breadcrumb\"},\"inLanguage\":\"en-GB\",\"potentialAction\":[{\"@type\":\"ReadAction\",\"target\":[\"https:\\\/\\\/efigo.pl\\\/inspektor-ochrony-danych\\\/\"]}]},{\"@type\":\"BreadcrumbList\",\"@id\":\"https:\\\/\\\/efigo.pl\\\/inspektor-ochrony-danych\\\/#breadcrumb\",\"itemListElement\":[{\"@type\":\"ListItem\",\"position\":1,\"name\":\"Strona g\u0142\u00f3wna\",\"item\":\"https:\\\/\\\/efigo.pl\\\/\"},{\"@type\":\"ListItem\",\"position\":2,\"name\":\"Inspektor Ochrony Danych\"}]},{\"@type\":\"WebSite\",\"@id\":\"https:\\\/\\\/efigo.pl\\\/#website\",\"url\":\"https:\\\/\\\/efigo.pl\\\/\",\"name\":\"Efigo - Cyberbezpiecze\u0144stwo i ochrona danych\",\"description\":\"\",\"potentialAction\":[{\"@type\":\"SearchAction\",\"target\":{\"@type\":\"EntryPoint\",\"urlTemplate\":\"https:\\\/\\\/efigo.pl\\\/?s={search_term_string}\"},\"query-input\":{\"@type\":\"PropertyValueSpecification\",\"valueRequired\":true,\"valueName\":\"search_term_string\"}}],\"inLanguage\":\"en-GB\"}]}<\/script>\n<!-- \/ Yoast SEO plugin. -->","yoast_head_json":{"title":"Inspektor Ochrony Danych - EFIGO - Cyberbezpiecze\u0144stwo i ochrona danych","description":"Outsourcuj funkcj\u0119 Inspektora Ochrony Danych! Nasi specjali\u015bci pomog\u0105 Ci spe\u0142ni\u0107 wymogi RODO\/GDPR od strony technicznej i prawnej.","robots":{"index":"index","follow":"follow","max-snippet":"max-snippet:-1","max-image-preview":"max-image-preview:large","max-video-preview":"max-video-preview:-1"},"canonical":"https:\/\/efigo.pl\/en\/inspektor-ochrony-danych\/","og_locale":"en_GB","og_type":"article","og_title":"Inspektor Ochrony Danych - EFIGO - Cyberbezpiecze\u0144stwo i ochrona danych","og_description":"Outsourcuj funkcj\u0119 Inspektora Ochrony Danych! Nasi specjali\u015bci pomog\u0105 Ci spe\u0142ni\u0107 wymogi RODO\/GDPR od strony technicznej i prawnej.","og_url":"https:\/\/efigo.pl\/en\/inspektor-ochrony-danych\/","og_site_name":"EFIGO - Cyberbezpiecze\u0144stwo i ochrona danych","article_modified_time":"2024-10-21T07:41:54+00:00","twitter_card":"summary_large_image","twitter_misc":{"Estimated reading time":"4 minutes"},"schema":{"@context":"https:\/\/schema.org","@graph":[{"@type":"WebPage","@id":"https:\/\/efigo.pl\/inspektor-ochrony-danych\/","url":"https:\/\/efigo.pl\/inspektor-ochrony-danych\/","name":"Inspektor Ochrony Danych - EFIGO - Cyberbezpiecze\u0144stwo i ochrona danych","isPartOf":{"@id":"https:\/\/efigo.pl\/#website"},"datePublished":"2024-06-01T09:26:12+00:00","dateModified":"2024-10-21T07:41:54+00:00","description":"Outsourcuj funkcj\u0119 Inspektora Ochrony Danych! Nasi specjali\u015bci pomog\u0105 Ci spe\u0142ni\u0107 wymogi RODO\/GDPR od strony technicznej i prawnej.","breadcrumb":{"@id":"https:\/\/efigo.pl\/inspektor-ochrony-danych\/#breadcrumb"},"inLanguage":"en-GB","potentialAction":[{"@type":"ReadAction","target":["https:\/\/efigo.pl\/inspektor-ochrony-danych\/"]}]},{"@type":"BreadcrumbList","@id":"https:\/\/efigo.pl\/inspektor-ochrony-danych\/#breadcrumb","itemListElement":[{"@type":"ListItem","position":1,"name":"Strona g\u0142\u00f3wna","item":"https:\/\/efigo.pl\/"},{"@type":"ListItem","position":2,"name":"Inspektor Ochrony Danych"}]},{"@type":"WebSite","@id":"https:\/\/efigo.pl\/#website","url":"https:\/\/efigo.pl\/","name":"Efigo - Cyberbezpiecze\u0144stwo i ochrona danych","description":"","potentialAction":[{"@type":"SearchAction","target":{"@type":"EntryPoint","urlTemplate":"https:\/\/efigo.pl\/?s={search_term_string}"},"query-input":{"@type":"PropertyValueSpecification","valueRequired":true,"valueName":"search_term_string"}}],"inLanguage":"en-GB"}]}},"_links":{"self":[{"href":"https:\/\/efigo.pl\/en\/wp-json\/wp\/v2\/pages\/199","targetHints":{"allow":["GET"]}}],"collection":[{"href":"https:\/\/efigo.pl\/en\/wp-json\/wp\/v2\/pages"}],"about":[{"href":"https:\/\/efigo.pl\/en\/wp-json\/wp\/v2\/types\/page"}],"author":[{"embeddable":true,"href":"https:\/\/efigo.pl\/en\/wp-json\/wp\/v2\/users\/4"}],"replies":[{"embeddable":true,"href":"https:\/\/efigo.pl\/en\/wp-json\/wp\/v2\/comments?post=199"}],"version-history":[{"count":1,"href":"https:\/\/efigo.pl\/en\/wp-json\/wp\/v2\/pages\/199\/revisions"}],"predecessor-version":[{"id":200,"href":"https:\/\/efigo.pl\/en\/wp-json\/wp\/v2\/pages\/199\/revisions\/200"}],"wp:attachment":[{"href":"https:\/\/efigo.pl\/en\/wp-json\/wp\/v2\/media?parent=199"}],"curies":[{"name":"wp","href":"https:\/\/api.w.org\/{rel}","templated":true}]}}