{"id":323,"date":"2024-06-02T14:19:35","date_gmt":"2024-06-02T12:19:35","guid":{"rendered":"http:\/\/efigo.pl\/?page_id=323"},"modified":"2024-10-16T14:41:22","modified_gmt":"2024-10-16T12:41:22","slug":"o-firmie","status":"publish","type":"page","link":"https:\/\/efigo.pl\/en\/o-firmie\/","title":{"rendered":"About Us"},"content":{"rendered":"","protected":false},"excerpt":{"rendered":"","protected":false},"author":4,"featured_media":0,"parent":0,"menu_order":0,"comment_status":"closed","ping_status":"closed","template":"","meta":{"inline_featured_image":false,"footnotes":""},"class_list":["post-323","page","type-page","status-publish","hentry"],"yoast_head":"<!-- This site is optimized with the Yoast SEO plugin v27.3 - https:\/\/yoast.com\/product\/yoast-seo-wordpress\/ -->\n<title>O Firmie - EFIGO - Cyberbezpiecze\u0144stwo i ochrona danych<\/title>\n<meta name=\"description\" content=\"Przekonaj si\u0119 dlaczego warto wsp\u00f3\u0142pracowa\u0107 z nami nad popraw\u0105 cyberbezpiecze\u0144stwa i ochrony danych w Twojej organizacji.\" \/>\n<meta name=\"robots\" content=\"index, follow, max-snippet:-1, max-image-preview:large, max-video-preview:-1\" \/>\n<link rel=\"canonical\" href=\"https:\/\/efigo.pl\/en\/o-firmie\/\" \/>\n<meta property=\"og:locale\" content=\"en_GB\" \/>\n<meta property=\"og:type\" content=\"article\" \/>\n<meta property=\"og:title\" content=\"O Firmie - EFIGO - Cyberbezpiecze\u0144stwo i ochrona danych\" \/>\n<meta property=\"og:description\" content=\"Przekonaj si\u0119 dlaczego warto wsp\u00f3\u0142pracowa\u0107 z nami nad popraw\u0105 cyberbezpiecze\u0144stwa i ochrony danych w Twojej organizacji.\" \/>\n<meta property=\"og:url\" content=\"https:\/\/efigo.pl\/en\/o-firmie\/\" \/>\n<meta property=\"og:site_name\" content=\"EFIGO - Cyberbezpiecze\u0144stwo i ochrona danych\" \/>\n<meta property=\"article:modified_time\" content=\"2024-10-16T12:41:22+00:00\" \/>\n<meta name=\"twitter:card\" content=\"summary_large_image\" \/>\n<meta name=\"twitter:label1\" content=\"Estimated reading time\" \/>\n\t<meta name=\"twitter:data1\" content=\"5 minutes\" \/>\n<script type=\"application\/ld+json\" class=\"yoast-schema-graph\">{\"@context\":\"https:\\\/\\\/schema.org\",\"@graph\":[{\"@type\":\"WebPage\",\"@id\":\"https:\\\/\\\/efigo.pl\\\/o-firmie\\\/\",\"url\":\"https:\\\/\\\/efigo.pl\\\/o-firmie\\\/\",\"name\":\"O Firmie - EFIGO - Cyberbezpiecze\u0144stwo i ochrona danych\",\"isPartOf\":{\"@id\":\"https:\\\/\\\/efigo.pl\\\/#website\"},\"datePublished\":\"2024-06-02T12:19:35+00:00\",\"dateModified\":\"2024-10-16T12:41:22+00:00\",\"description\":\"Przekonaj si\u0119 dlaczego warto wsp\u00f3\u0142pracowa\u0107 z nami nad popraw\u0105 cyberbezpiecze\u0144stwa i ochrony danych w Twojej organizacji.\",\"breadcrumb\":{\"@id\":\"https:\\\/\\\/efigo.pl\\\/o-firmie\\\/#breadcrumb\"},\"inLanguage\":\"en-GB\",\"potentialAction\":[{\"@type\":\"ReadAction\",\"target\":[\"https:\\\/\\\/efigo.pl\\\/o-firmie\\\/\"]}]},{\"@type\":\"BreadcrumbList\",\"@id\":\"https:\\\/\\\/efigo.pl\\\/o-firmie\\\/#breadcrumb\",\"itemListElement\":[{\"@type\":\"ListItem\",\"position\":1,\"name\":\"Strona g\u0142\u00f3wna\",\"item\":\"https:\\\/\\\/efigo.pl\\\/\"},{\"@type\":\"ListItem\",\"position\":2,\"name\":\"O Firmie\"}]},{\"@type\":\"WebSite\",\"@id\":\"https:\\\/\\\/efigo.pl\\\/#website\",\"url\":\"https:\\\/\\\/efigo.pl\\\/\",\"name\":\"Efigo - Cyberbezpiecze\u0144stwo i ochrona danych\",\"description\":\"\",\"potentialAction\":[{\"@type\":\"SearchAction\",\"target\":{\"@type\":\"EntryPoint\",\"urlTemplate\":\"https:\\\/\\\/efigo.pl\\\/?s={search_term_string}\"},\"query-input\":{\"@type\":\"PropertyValueSpecification\",\"valueRequired\":true,\"valueName\":\"search_term_string\"}}],\"inLanguage\":\"en-GB\"}]}<\/script>\n<!-- \/ Yoast SEO plugin. -->","yoast_head_json":{"title":"O Firmie - EFIGO - Cyberbezpiecze\u0144stwo i ochrona danych","description":"Przekonaj si\u0119 dlaczego warto wsp\u00f3\u0142pracowa\u0107 z nami nad popraw\u0105 cyberbezpiecze\u0144stwa i ochrony danych w Twojej organizacji.","robots":{"index":"index","follow":"follow","max-snippet":"max-snippet:-1","max-image-preview":"max-image-preview:large","max-video-preview":"max-video-preview:-1"},"canonical":"https:\/\/efigo.pl\/en\/o-firmie\/","og_locale":"en_GB","og_type":"article","og_title":"O Firmie - EFIGO - Cyberbezpiecze\u0144stwo i ochrona danych","og_description":"Przekonaj si\u0119 dlaczego warto wsp\u00f3\u0142pracowa\u0107 z nami nad popraw\u0105 cyberbezpiecze\u0144stwa i ochrony danych w Twojej organizacji.","og_url":"https:\/\/efigo.pl\/en\/o-firmie\/","og_site_name":"EFIGO - Cyberbezpiecze\u0144stwo i ochrona danych","article_modified_time":"2024-10-16T12:41:22+00:00","twitter_card":"summary_large_image","twitter_misc":{"Estimated reading time":"5 minutes"},"schema":{"@context":"https:\/\/schema.org","@graph":[{"@type":"WebPage","@id":"https:\/\/efigo.pl\/o-firmie\/","url":"https:\/\/efigo.pl\/o-firmie\/","name":"O Firmie - EFIGO - Cyberbezpiecze\u0144stwo i ochrona danych","isPartOf":{"@id":"https:\/\/efigo.pl\/#website"},"datePublished":"2024-06-02T12:19:35+00:00","dateModified":"2024-10-16T12:41:22+00:00","description":"Przekonaj si\u0119 dlaczego warto wsp\u00f3\u0142pracowa\u0107 z nami nad popraw\u0105 cyberbezpiecze\u0144stwa i ochrony danych w Twojej organizacji.","breadcrumb":{"@id":"https:\/\/efigo.pl\/o-firmie\/#breadcrumb"},"inLanguage":"en-GB","potentialAction":[{"@type":"ReadAction","target":["https:\/\/efigo.pl\/o-firmie\/"]}]},{"@type":"BreadcrumbList","@id":"https:\/\/efigo.pl\/o-firmie\/#breadcrumb","itemListElement":[{"@type":"ListItem","position":1,"name":"Strona g\u0142\u00f3wna","item":"https:\/\/efigo.pl\/"},{"@type":"ListItem","position":2,"name":"O Firmie"}]},{"@type":"WebSite","@id":"https:\/\/efigo.pl\/#website","url":"https:\/\/efigo.pl\/","name":"Efigo - Cyberbezpiecze\u0144stwo i ochrona danych","description":"","potentialAction":[{"@type":"SearchAction","target":{"@type":"EntryPoint","urlTemplate":"https:\/\/efigo.pl\/?s={search_term_string}"},"query-input":{"@type":"PropertyValueSpecification","valueRequired":true,"valueName":"search_term_string"}}],"inLanguage":"en-GB"}]}},"_links":{"self":[{"href":"https:\/\/efigo.pl\/en\/wp-json\/wp\/v2\/pages\/323","targetHints":{"allow":["GET"]}}],"collection":[{"href":"https:\/\/efigo.pl\/en\/wp-json\/wp\/v2\/pages"}],"about":[{"href":"https:\/\/efigo.pl\/en\/wp-json\/wp\/v2\/types\/page"}],"author":[{"embeddable":true,"href":"https:\/\/efigo.pl\/en\/wp-json\/wp\/v2\/users\/4"}],"replies":[{"embeddable":true,"href":"https:\/\/efigo.pl\/en\/wp-json\/wp\/v2\/comments?post=323"}],"version-history":[{"count":1,"href":"https:\/\/efigo.pl\/en\/wp-json\/wp\/v2\/pages\/323\/revisions"}],"predecessor-version":[{"id":324,"href":"https:\/\/efigo.pl\/en\/wp-json\/wp\/v2\/pages\/323\/revisions\/324"}],"wp:attachment":[{"href":"https:\/\/efigo.pl\/en\/wp-json\/wp\/v2\/media?parent=323"}],"curies":[{"name":"wp","href":"https:\/\/api.w.org\/{rel}","templated":true}]}}