{"id":707,"date":"2024-10-30T12:07:06","date_gmt":"2024-10-30T11:07:06","guid":{"rendered":"http:\/\/efigo.pl\/?page_id=707"},"modified":"2024-10-30T12:28:26","modified_gmt":"2024-10-30T11:28:26","slug":"sec-100-oscc","status":"publish","type":"page","link":"https:\/\/efigo.pl\/en\/sec-100-oscc\/","title":{"rendered":"SEC-100 (OSCC)"},"content":{"rendered":"","protected":false},"excerpt":{"rendered":"","protected":false},"author":4,"featured_media":0,"parent":0,"menu_order":0,"comment_status":"closed","ping_status":"closed","template":"","meta":{"inline_featured_image":false,"footnotes":""},"class_list":["post-707","page","type-page","status-publish","hentry"],"yoast_head":"<!-- This site is optimized with the Yoast SEO plugin v27.3 - https:\/\/yoast.com\/product\/yoast-seo-wordpress\/ -->\n<title>SEC-100 (OSCC) - EFIGO - Cyberbezpiecze\u0144stwo i ochrona danych<\/title>\n<meta name=\"description\" content=\"Kurs OffSec SEC-100 wyposa\u017ca kursant\u00f3w w niezb\u0119dn\u0105 wiedz\u0119 i praktyczne umiej\u0119tno\u015bci potrzebne do rozpocz\u0119cia kariery w cyberbezpiecze\u0144stwie.\" \/>\n<meta name=\"robots\" content=\"index, follow, max-snippet:-1, max-image-preview:large, max-video-preview:-1\" \/>\n<link rel=\"canonical\" href=\"https:\/\/efigo.pl\/en\/sec-100-oscc\/\" \/>\n<meta property=\"og:locale\" content=\"en_GB\" \/>\n<meta property=\"og:type\" content=\"article\" \/>\n<meta property=\"og:title\" content=\"SEC-100 (OSCC) - EFIGO - Cyberbezpiecze\u0144stwo i ochrona danych\" \/>\n<meta property=\"og:description\" content=\"Kurs OffSec SEC-100 wyposa\u017ca kursant\u00f3w w niezb\u0119dn\u0105 wiedz\u0119 i praktyczne umiej\u0119tno\u015bci potrzebne do rozpocz\u0119cia kariery w cyberbezpiecze\u0144stwie.\" \/>\n<meta property=\"og:url\" content=\"https:\/\/efigo.pl\/en\/sec-100-oscc\/\" \/>\n<meta property=\"og:site_name\" content=\"EFIGO - Cyberbezpiecze\u0144stwo i ochrona danych\" \/>\n<meta property=\"article:modified_time\" content=\"2024-10-30T11:28:26+00:00\" \/>\n<meta name=\"twitter:card\" content=\"summary_large_image\" \/>\n<meta name=\"twitter:label1\" content=\"Estimated reading time\" \/>\n\t<meta name=\"twitter:data1\" content=\"7 minutes\" \/>\n<script type=\"application\/ld+json\" class=\"yoast-schema-graph\">{\"@context\":\"https:\\\/\\\/schema.org\",\"@graph\":[{\"@type\":\"WebPage\",\"@id\":\"https:\\\/\\\/efigo.pl\\\/sec-100-oscc\\\/\",\"url\":\"https:\\\/\\\/efigo.pl\\\/sec-100-oscc\\\/\",\"name\":\"SEC-100 (OSCC) - EFIGO - Cyberbezpiecze\u0144stwo i ochrona danych\",\"isPartOf\":{\"@id\":\"https:\\\/\\\/efigo.pl\\\/#website\"},\"datePublished\":\"2024-10-30T11:07:06+00:00\",\"dateModified\":\"2024-10-30T11:28:26+00:00\",\"description\":\"Kurs OffSec SEC-100 wyposa\u017ca kursant\u00f3w w niezb\u0119dn\u0105 wiedz\u0119 i praktyczne umiej\u0119tno\u015bci potrzebne do rozpocz\u0119cia kariery w cyberbezpiecze\u0144stwie.\",\"breadcrumb\":{\"@id\":\"https:\\\/\\\/efigo.pl\\\/sec-100-oscc\\\/#breadcrumb\"},\"inLanguage\":\"en-GB\",\"potentialAction\":[{\"@type\":\"ReadAction\",\"target\":[\"https:\\\/\\\/efigo.pl\\\/sec-100-oscc\\\/\"]}]},{\"@type\":\"BreadcrumbList\",\"@id\":\"https:\\\/\\\/efigo.pl\\\/sec-100-oscc\\\/#breadcrumb\",\"itemListElement\":[{\"@type\":\"ListItem\",\"position\":1,\"name\":\"Strona g\u0142\u00f3wna\",\"item\":\"https:\\\/\\\/efigo.pl\\\/\"},{\"@type\":\"ListItem\",\"position\":2,\"name\":\"SEC-100 (OSCC)\"}]},{\"@type\":\"WebSite\",\"@id\":\"https:\\\/\\\/efigo.pl\\\/#website\",\"url\":\"https:\\\/\\\/efigo.pl\\\/\",\"name\":\"Efigo - Cyberbezpiecze\u0144stwo i ochrona danych\",\"description\":\"\",\"potentialAction\":[{\"@type\":\"SearchAction\",\"target\":{\"@type\":\"EntryPoint\",\"urlTemplate\":\"https:\\\/\\\/efigo.pl\\\/?s={search_term_string}\"},\"query-input\":{\"@type\":\"PropertyValueSpecification\",\"valueRequired\":true,\"valueName\":\"search_term_string\"}}],\"inLanguage\":\"en-GB\"}]}<\/script>\n<!-- \/ Yoast SEO plugin. -->","yoast_head_json":{"title":"SEC-100 (OSCC) - EFIGO - Cyberbezpiecze\u0144stwo i ochrona danych","description":"Kurs OffSec SEC-100 wyposa\u017ca kursant\u00f3w w niezb\u0119dn\u0105 wiedz\u0119 i praktyczne umiej\u0119tno\u015bci potrzebne do rozpocz\u0119cia kariery w cyberbezpiecze\u0144stwie.","robots":{"index":"index","follow":"follow","max-snippet":"max-snippet:-1","max-image-preview":"max-image-preview:large","max-video-preview":"max-video-preview:-1"},"canonical":"https:\/\/efigo.pl\/en\/sec-100-oscc\/","og_locale":"en_GB","og_type":"article","og_title":"SEC-100 (OSCC) - EFIGO - Cyberbezpiecze\u0144stwo i ochrona danych","og_description":"Kurs OffSec SEC-100 wyposa\u017ca kursant\u00f3w w niezb\u0119dn\u0105 wiedz\u0119 i praktyczne umiej\u0119tno\u015bci potrzebne do rozpocz\u0119cia kariery w cyberbezpiecze\u0144stwie.","og_url":"https:\/\/efigo.pl\/en\/sec-100-oscc\/","og_site_name":"EFIGO - Cyberbezpiecze\u0144stwo i ochrona danych","article_modified_time":"2024-10-30T11:28:26+00:00","twitter_card":"summary_large_image","twitter_misc":{"Estimated reading time":"7 minutes"},"schema":{"@context":"https:\/\/schema.org","@graph":[{"@type":"WebPage","@id":"https:\/\/efigo.pl\/sec-100-oscc\/","url":"https:\/\/efigo.pl\/sec-100-oscc\/","name":"SEC-100 (OSCC) - EFIGO - Cyberbezpiecze\u0144stwo i ochrona danych","isPartOf":{"@id":"https:\/\/efigo.pl\/#website"},"datePublished":"2024-10-30T11:07:06+00:00","dateModified":"2024-10-30T11:28:26+00:00","description":"Kurs OffSec SEC-100 wyposa\u017ca kursant\u00f3w w niezb\u0119dn\u0105 wiedz\u0119 i praktyczne umiej\u0119tno\u015bci potrzebne do rozpocz\u0119cia kariery w cyberbezpiecze\u0144stwie.","breadcrumb":{"@id":"https:\/\/efigo.pl\/sec-100-oscc\/#breadcrumb"},"inLanguage":"en-GB","potentialAction":[{"@type":"ReadAction","target":["https:\/\/efigo.pl\/sec-100-oscc\/"]}]},{"@type":"BreadcrumbList","@id":"https:\/\/efigo.pl\/sec-100-oscc\/#breadcrumb","itemListElement":[{"@type":"ListItem","position":1,"name":"Strona g\u0142\u00f3wna","item":"https:\/\/efigo.pl\/"},{"@type":"ListItem","position":2,"name":"SEC-100 (OSCC)"}]},{"@type":"WebSite","@id":"https:\/\/efigo.pl\/#website","url":"https:\/\/efigo.pl\/","name":"Efigo - Cyberbezpiecze\u0144stwo i ochrona danych","description":"","potentialAction":[{"@type":"SearchAction","target":{"@type":"EntryPoint","urlTemplate":"https:\/\/efigo.pl\/?s={search_term_string}"},"query-input":{"@type":"PropertyValueSpecification","valueRequired":true,"valueName":"search_term_string"}}],"inLanguage":"en-GB"}]}},"_links":{"self":[{"href":"https:\/\/efigo.pl\/en\/wp-json\/wp\/v2\/pages\/707","targetHints":{"allow":["GET"]}}],"collection":[{"href":"https:\/\/efigo.pl\/en\/wp-json\/wp\/v2\/pages"}],"about":[{"href":"https:\/\/efigo.pl\/en\/wp-json\/wp\/v2\/types\/page"}],"author":[{"embeddable":true,"href":"https:\/\/efigo.pl\/en\/wp-json\/wp\/v2\/users\/4"}],"replies":[{"embeddable":true,"href":"https:\/\/efigo.pl\/en\/wp-json\/wp\/v2\/comments?post=707"}],"version-history":[{"count":2,"href":"https:\/\/efigo.pl\/en\/wp-json\/wp\/v2\/pages\/707\/revisions"}],"predecessor-version":[{"id":712,"href":"https:\/\/efigo.pl\/en\/wp-json\/wp\/v2\/pages\/707\/revisions\/712"}],"wp:attachment":[{"href":"https:\/\/efigo.pl\/en\/wp-json\/wp\/v2\/media?parent=707"}],"curies":[{"name":"wp","href":"https:\/\/api.w.org\/{rel}","templated":true}]}}