{"id":951,"date":"2025-06-11T15:10:08","date_gmt":"2025-06-11T13:10:08","guid":{"rendered":"https:\/\/efigo.pl\/?page_id=951"},"modified":"2025-06-11T15:17:27","modified_gmt":"2025-06-11T13:17:27","slug":"siem-logsign","status":"publish","type":"page","link":"https:\/\/efigo.pl\/en\/siem-logsign\/","title":{"rendered":"SIEM Logsign"},"content":{"rendered":"","protected":false},"excerpt":{"rendered":"","protected":false},"author":4,"featured_media":0,"parent":0,"menu_order":0,"comment_status":"closed","ping_status":"closed","template":"","meta":{"inline_featured_image":false,"footnotes":""},"class_list":["post-951","page","type-page","status-publish","hentry"],"yoast_head":"<!-- This site is optimized with the Yoast SEO plugin v27.3 - https:\/\/yoast.com\/product\/yoast-seo-wordpress\/ -->\n<title>SIEM Logsign - EFIGO - Cyberbezpiecze\u0144stwo i ochrona danych<\/title>\n<meta name=\"description\" content=\"Szukasz skutecznego systemu SIEM? Logsign to kompleksowe narz\u0119dzie do zarz\u0105dzania bezpiecze\u0144stwem IT. Poznaj jego mo\u017cliwo\u015bci.\" \/>\n<meta name=\"robots\" content=\"index, follow, max-snippet:-1, max-image-preview:large, max-video-preview:-1\" \/>\n<link rel=\"canonical\" href=\"https:\/\/efigo.pl\/en\/siem-logsign\/\" \/>\n<meta property=\"og:locale\" content=\"en_GB\" \/>\n<meta property=\"og:type\" content=\"article\" \/>\n<meta property=\"og:title\" content=\"SIEM Logsign - EFIGO - Cyberbezpiecze\u0144stwo i ochrona danych\" \/>\n<meta property=\"og:description\" content=\"Szukasz skutecznego systemu SIEM? Logsign to kompleksowe narz\u0119dzie do zarz\u0105dzania bezpiecze\u0144stwem IT. Poznaj jego mo\u017cliwo\u015bci.\" \/>\n<meta property=\"og:url\" content=\"https:\/\/efigo.pl\/en\/siem-logsign\/\" \/>\n<meta property=\"og:site_name\" content=\"EFIGO - Cyberbezpiecze\u0144stwo i ochrona danych\" \/>\n<meta property=\"article:modified_time\" content=\"2025-06-11T13:17:27+00:00\" \/>\n<meta name=\"twitter:card\" content=\"summary_large_image\" \/>\n<meta name=\"twitter:label1\" content=\"Estimated reading time\" \/>\n\t<meta name=\"twitter:data1\" content=\"7 minutes\" \/>\n<script type=\"application\/ld+json\" class=\"yoast-schema-graph\">{\"@context\":\"https:\\\/\\\/schema.org\",\"@graph\":[{\"@type\":\"WebPage\",\"@id\":\"https:\\\/\\\/efigo.pl\\\/siem-logsign\\\/\",\"url\":\"https:\\\/\\\/efigo.pl\\\/siem-logsign\\\/\",\"name\":\"SIEM Logsign - EFIGO - Cyberbezpiecze\u0144stwo i ochrona danych\",\"isPartOf\":{\"@id\":\"https:\\\/\\\/efigo.pl\\\/#website\"},\"datePublished\":\"2025-06-11T13:10:08+00:00\",\"dateModified\":\"2025-06-11T13:17:27+00:00\",\"description\":\"Szukasz skutecznego systemu SIEM? Logsign to kompleksowe narz\u0119dzie do zarz\u0105dzania bezpiecze\u0144stwem IT. Poznaj jego mo\u017cliwo\u015bci.\",\"breadcrumb\":{\"@id\":\"https:\\\/\\\/efigo.pl\\\/siem-logsign\\\/#breadcrumb\"},\"inLanguage\":\"en-GB\",\"potentialAction\":[{\"@type\":\"ReadAction\",\"target\":[\"https:\\\/\\\/efigo.pl\\\/siem-logsign\\\/\"]}]},{\"@type\":\"BreadcrumbList\",\"@id\":\"https:\\\/\\\/efigo.pl\\\/siem-logsign\\\/#breadcrumb\",\"itemListElement\":[{\"@type\":\"ListItem\",\"position\":1,\"name\":\"Strona g\u0142\u00f3wna\",\"item\":\"https:\\\/\\\/efigo.pl\\\/\"},{\"@type\":\"ListItem\",\"position\":2,\"name\":\"SIEM Logsign\"}]},{\"@type\":\"WebSite\",\"@id\":\"https:\\\/\\\/efigo.pl\\\/#website\",\"url\":\"https:\\\/\\\/efigo.pl\\\/\",\"name\":\"Efigo - Cyberbezpiecze\u0144stwo i ochrona danych\",\"description\":\"\",\"potentialAction\":[{\"@type\":\"SearchAction\",\"target\":{\"@type\":\"EntryPoint\",\"urlTemplate\":\"https:\\\/\\\/efigo.pl\\\/?s={search_term_string}\"},\"query-input\":{\"@type\":\"PropertyValueSpecification\",\"valueRequired\":true,\"valueName\":\"search_term_string\"}}],\"inLanguage\":\"en-GB\"}]}<\/script>\n<!-- \/ Yoast SEO plugin. -->","yoast_head_json":{"title":"SIEM Logsign - EFIGO - Cyberbezpiecze\u0144stwo i ochrona danych","description":"Szukasz skutecznego systemu SIEM? Logsign to kompleksowe narz\u0119dzie do zarz\u0105dzania bezpiecze\u0144stwem IT. Poznaj jego mo\u017cliwo\u015bci.","robots":{"index":"index","follow":"follow","max-snippet":"max-snippet:-1","max-image-preview":"max-image-preview:large","max-video-preview":"max-video-preview:-1"},"canonical":"https:\/\/efigo.pl\/en\/siem-logsign\/","og_locale":"en_GB","og_type":"article","og_title":"SIEM Logsign - EFIGO - Cyberbezpiecze\u0144stwo i ochrona danych","og_description":"Szukasz skutecznego systemu SIEM? Logsign to kompleksowe narz\u0119dzie do zarz\u0105dzania bezpiecze\u0144stwem IT. Poznaj jego mo\u017cliwo\u015bci.","og_url":"https:\/\/efigo.pl\/en\/siem-logsign\/","og_site_name":"EFIGO - Cyberbezpiecze\u0144stwo i ochrona danych","article_modified_time":"2025-06-11T13:17:27+00:00","twitter_card":"summary_large_image","twitter_misc":{"Estimated reading time":"7 minutes"},"schema":{"@context":"https:\/\/schema.org","@graph":[{"@type":"WebPage","@id":"https:\/\/efigo.pl\/siem-logsign\/","url":"https:\/\/efigo.pl\/siem-logsign\/","name":"SIEM Logsign - EFIGO - Cyberbezpiecze\u0144stwo i ochrona danych","isPartOf":{"@id":"https:\/\/efigo.pl\/#website"},"datePublished":"2025-06-11T13:10:08+00:00","dateModified":"2025-06-11T13:17:27+00:00","description":"Szukasz skutecznego systemu SIEM? Logsign to kompleksowe narz\u0119dzie do zarz\u0105dzania bezpiecze\u0144stwem IT. Poznaj jego mo\u017cliwo\u015bci.","breadcrumb":{"@id":"https:\/\/efigo.pl\/siem-logsign\/#breadcrumb"},"inLanguage":"en-GB","potentialAction":[{"@type":"ReadAction","target":["https:\/\/efigo.pl\/siem-logsign\/"]}]},{"@type":"BreadcrumbList","@id":"https:\/\/efigo.pl\/siem-logsign\/#breadcrumb","itemListElement":[{"@type":"ListItem","position":1,"name":"Strona g\u0142\u00f3wna","item":"https:\/\/efigo.pl\/"},{"@type":"ListItem","position":2,"name":"SIEM Logsign"}]},{"@type":"WebSite","@id":"https:\/\/efigo.pl\/#website","url":"https:\/\/efigo.pl\/","name":"Efigo - Cyberbezpiecze\u0144stwo i ochrona danych","description":"","potentialAction":[{"@type":"SearchAction","target":{"@type":"EntryPoint","urlTemplate":"https:\/\/efigo.pl\/?s={search_term_string}"},"query-input":{"@type":"PropertyValueSpecification","valueRequired":true,"valueName":"search_term_string"}}],"inLanguage":"en-GB"}]}},"_links":{"self":[{"href":"https:\/\/efigo.pl\/en\/wp-json\/wp\/v2\/pages\/951","targetHints":{"allow":["GET"]}}],"collection":[{"href":"https:\/\/efigo.pl\/en\/wp-json\/wp\/v2\/pages"}],"about":[{"href":"https:\/\/efigo.pl\/en\/wp-json\/wp\/v2\/types\/page"}],"author":[{"embeddable":true,"href":"https:\/\/efigo.pl\/en\/wp-json\/wp\/v2\/users\/4"}],"replies":[{"embeddable":true,"href":"https:\/\/efigo.pl\/en\/wp-json\/wp\/v2\/comments?post=951"}],"version-history":[{"count":1,"href":"https:\/\/efigo.pl\/en\/wp-json\/wp\/v2\/pages\/951\/revisions"}],"predecessor-version":[{"id":952,"href":"https:\/\/efigo.pl\/en\/wp-json\/wp\/v2\/pages\/951\/revisions\/952"}],"wp:attachment":[{"href":"https:\/\/efigo.pl\/en\/wp-json\/wp\/v2\/media?parent=951"}],"curies":[{"name":"wp","href":"https:\/\/api.w.org\/{rel}","templated":true}]}}